{"id":2867,"date":"2025-03-07T13:40:00","date_gmt":"2025-03-07T12:40:00","guid":{"rendered":"https:\/\/amicinagai.com\/diventa-amico\/"},"modified":"2026-02-20T18:40:26","modified_gmt":"2026-02-20T17:40:26","slug":"diventa-amico","status":"publish","type":"page","link":"https:\/\/amicinagai.com\/pl\/diventa-amico\/","title":{"rendered":"Zosta\u0144 Przyjacielem"},"content":{"rendered":"<div id=\"cs-content\" class=\"cs-content\"><\/div>\n","protected":false},"excerpt":{"rendered":"<p>Zosta\u0144 Przyjacielem Takashiego i Midori Nagai Zosta\u0144 cz\u0142onkiem wspieraj\u0105cym Wnie\u015b sw\u00f3j wk\u0142ad w nasz\u0105 histori\u0119 Otrzymuj newsletter B\u0105d\u017a na bie\u017c\u0105co ze wszystkimi naszymi dzia\u0142aniami na ca\u0142ym \u015bwiecie Aby zosta\u0107 Przyjacielem Takashiego i Midori Nagai, wykup roczne cz\u0142onkostwo Sta\u0144 si\u0119 cz\u0119\u015bci\u0105 naszej historii i towarzysz nam w tej drodze Sam zdecyduj, w jaki spos\u00f3b chcesz wnie\u015b\u0107 sw\u00f3j wk\u0142ad Stowarzyszenie bezp\u0142atneCz\u0142onkostwo 30\u20acCz\u0142onkostwo &#8230; <\/p>\n<div><a href=\"https:\/\/amicinagai.com\/pl\/diventa-amico\/\" class=\"more-link\">Read More<\/a><\/div>\n","protected":false},"author":1,"featured_media":0,"parent":0,"menu_order":0,"comment_status":"closed","ping_status":"closed","template":"template-blank-4.php","meta":{"_acf_changed":false,"footnotes":""},"class_list":["post-2867","page","type-page","status-publish","hentry","no-post-thumbnail"],"acf":[],"_links":{"self":[{"href":"https:\/\/amicinagai.com\/pl\/wp-json\/wp\/v2\/pages\/2867","targetHints":{"allow":["GET"]}}],"collection":[{"href":"https:\/\/amicinagai.com\/pl\/wp-json\/wp\/v2\/pages"}],"about":[{"href":"https:\/\/amicinagai.com\/pl\/wp-json\/wp\/v2\/types\/page"}],"author":[{"embeddable":true,"href":"https:\/\/amicinagai.com\/pl\/wp-json\/wp\/v2\/users\/1"}],"replies":[{"embeddable":true,"href":"https:\/\/amicinagai.com\/pl\/wp-json\/wp\/v2\/comments?post=2867"}],"version-history":[{"count":2,"href":"https:\/\/amicinagai.com\/pl\/wp-json\/wp\/v2\/pages\/2867\/revisions"}],"predecessor-version":[{"id":2875,"href":"https:\/\/amicinagai.com\/pl\/wp-json\/wp\/v2\/pages\/2867\/revisions\/2875"}],"wp:attachment":[{"href":"https:\/\/amicinagai.com\/pl\/wp-json\/wp\/v2\/media?parent=2867"}],"curies":[{"name":"wp","href":"https:\/\/api.w.org\/{rel}","templated":true}]}}