{"id":2852,"date":"2025-03-13T11:15:44","date_gmt":"2025-03-13T10:15:44","guid":{"rendered":"https:\/\/amicinagai.com\/associazione-gratuita\/"},"modified":"2026-02-20T18:17:20","modified_gmt":"2026-02-20T17:17:20","slug":"associazione-gratuita","status":"publish","type":"page","link":"https:\/\/amicinagai.com\/pl\/associazione-gratuita\/","title":{"rendered":"Stowarzyszenie bezp\u0142atne"},"content":{"rendered":"<div id=\"cs-content\" class=\"cs-content\"><\/div>\n","protected":false},"excerpt":{"rendered":"<p>Zosta\u0144 Przyjacielem Takashiego i Midori Nagai B\u0119dziesz otrzymywa\u0107 dwumiesi\u0119czny newsletteri b\u0119dziesz na bie\u017c\u0105co informowany o wszystkich naszych dzia\u0142aniach na ca\u0142ym \u015bwiecie &quot;*&quot; oznacza pola wymagane Imi\u0119* Imi\u0119 Nazwisko E-mail*Po wpisaniu adresu e-mail zaznacz pole poni\u017cej, aby zapisa\u0107 si\u0119 do naszego newslettera. Potwierd\u017a zapis poprzez e-mail.* Zapisz si\u0119, aby otrzymywa\u0107 aktualizacje i by\u0107 na bie\u017c\u0105co z najnowszymi informacjami. Kraj zamieszkania*Polityka prywatno\u015bci*O\u015bwiadczam, &#8230; <\/p>\n<div><a href=\"https:\/\/amicinagai.com\/pl\/associazione-gratuita\/\" class=\"more-link\">Read More<\/a><\/div>\n","protected":false},"author":1,"featured_media":0,"parent":0,"menu_order":0,"comment_status":"closed","ping_status":"closed","template":"template-blank-4.php","meta":{"_acf_changed":false,"footnotes":""},"class_list":["post-2852","page","type-page","status-publish","hentry","no-post-thumbnail"],"acf":[],"_links":{"self":[{"href":"https:\/\/amicinagai.com\/pl\/wp-json\/wp\/v2\/pages\/2852","targetHints":{"allow":["GET"]}}],"collection":[{"href":"https:\/\/amicinagai.com\/pl\/wp-json\/wp\/v2\/pages"}],"about":[{"href":"https:\/\/amicinagai.com\/pl\/wp-json\/wp\/v2\/types\/page"}],"author":[{"embeddable":true,"href":"https:\/\/amicinagai.com\/pl\/wp-json\/wp\/v2\/users\/1"}],"replies":[{"embeddable":true,"href":"https:\/\/amicinagai.com\/pl\/wp-json\/wp\/v2\/comments?post=2852"}],"version-history":[{"count":2,"href":"https:\/\/amicinagai.com\/pl\/wp-json\/wp\/v2\/pages\/2852\/revisions"}],"predecessor-version":[{"id":2856,"href":"https:\/\/amicinagai.com\/pl\/wp-json\/wp\/v2\/pages\/2852\/revisions\/2856"}],"wp:attachment":[{"href":"https:\/\/amicinagai.com\/pl\/wp-json\/wp\/v2\/media?parent=2852"}],"curies":[{"name":"wp","href":"https:\/\/api.w.org\/{rel}","templated":true}]}}