{"id":2820,"date":"2025-03-08T02:11:18","date_gmt":"2025-03-08T01:11:18","guid":{"rendered":"https:\/\/amicinagai.com\/letture-consigliate\/letture-consigliate-in-russo\/"},"modified":"2026-02-20T17:40:41","modified_gmt":"2026-02-20T16:40:41","slug":"letture-consigliate-in-russo","status":"publish","type":"page","link":"https:\/\/amicinagai.com\/pl\/letture-consigliate\/letture-consigliate-in-russo\/","title":{"rendered":"Polecane lektury w j\u0119zyku rosyjskim"},"content":{"rendered":"<div id=\"cs-content\" class=\"cs-content\"><\/div>\n","protected":false},"excerpt":{"rendered":"<p>\u0420\u0435\u043a\u043e\u043c\u0435\u043d\u0434\u0443\u0435\u043c\u043e\u0435 \u0447\u0442\u0435\u043d\u0438\u0435 \u041a\u043e\u043b\u043e\u043a\u043e\u043b \u041d\u0430\u0433\u0430\u0441\u0430\u043a\u0438 Z\u0142\u00f3\u017c darowizn\u0119 Mo\u017cesz wesprze\u0107 dzia\u0142alno\u015b\u0107 i inicjatywy Komitetu, dokonuj\u0105c darowizny kart\u0105 kredytow\u0105 lub przez PayPal. DANE BANKOWE: Banca Intesa San Paolo, piazza P. Ferrari 10, 20121, Mediolan.Odbiorca: Amici di Takashi e Midori Nagai. IBAN: IT16B0306909606100000178799 BIC\/SWIFT (dall\u2019estero): BCITITMMPRZEKA\u017b DAROWIZN\u0118 TERAZSkontaktuj si\u0119 z nami &quot;*&quot; oznacza pola wymagane Imi\u0119* Imi\u0119 Nazwisko E-mail* Kraj zamieszkania*Wiadomo\u015b\u0107*Polityka prywatno\u015bci*O\u015bwiadczam, \u017ce zapozna\u0142em &#8230; <\/p>\n<div><a href=\"https:\/\/amicinagai.com\/pl\/letture-consigliate\/letture-consigliate-in-russo\/\" class=\"more-link\">Read More<\/a><\/div>\n","protected":false},"author":1,"featured_media":0,"parent":2720,"menu_order":0,"comment_status":"closed","ping_status":"closed","template":"template-blank-4.php","meta":{"_acf_changed":false,"footnotes":""},"class_list":["post-2820","page","type-page","status-publish","hentry","no-post-thumbnail"],"acf":[],"_links":{"self":[{"href":"https:\/\/amicinagai.com\/pl\/wp-json\/wp\/v2\/pages\/2820","targetHints":{"allow":["GET"]}}],"collection":[{"href":"https:\/\/amicinagai.com\/pl\/wp-json\/wp\/v2\/pages"}],"about":[{"href":"https:\/\/amicinagai.com\/pl\/wp-json\/wp\/v2\/types\/page"}],"author":[{"embeddable":true,"href":"https:\/\/amicinagai.com\/pl\/wp-json\/wp\/v2\/users\/1"}],"replies":[{"embeddable":true,"href":"https:\/\/amicinagai.com\/pl\/wp-json\/wp\/v2\/comments?post=2820"}],"version-history":[{"count":2,"href":"https:\/\/amicinagai.com\/pl\/wp-json\/wp\/v2\/pages\/2820\/revisions"}],"predecessor-version":[{"id":2825,"href":"https:\/\/amicinagai.com\/pl\/wp-json\/wp\/v2\/pages\/2820\/revisions\/2825"}],"up":[{"embeddable":true,"href":"https:\/\/amicinagai.com\/pl\/wp-json\/wp\/v2\/pages\/2720"}],"wp:attachment":[{"href":"https:\/\/amicinagai.com\/pl\/wp-json\/wp\/v2\/media?parent=2820"}],"curies":[{"name":"wp","href":"https:\/\/api.w.org\/{rel}","templated":true}]}}