{"id":2808,"date":"2025-03-08T01:59:34","date_gmt":"2025-03-08T00:59:34","guid":{"rendered":"https:\/\/amicinagai.com\/letture-consigliate\/letture-consigliate-in-portoghese\/"},"modified":"2026-02-20T17:39:38","modified_gmt":"2026-02-20T16:39:38","slug":"letture-consigliate-in-portoghese","status":"publish","type":"page","link":"https:\/\/amicinagai.com\/pl\/letture-consigliate\/letture-consigliate-in-portoghese\/","title":{"rendered":"Polecane lektury w j\u0119zyku portugalskim"},"content":{"rendered":"<div id=\"cs-content\" class=\"cs-content\"><\/div>\n","protected":false},"excerpt":{"rendered":"<p>Leituras recomendadas em Portugu\u00eas Aquilo que nunca morre Um Hino a Nagasaki Takashi Nagai: uma Can\u00e7\u00e3o por Nagasaki Z\u0142\u00f3\u017c darowizn\u0119 Mo\u017cesz wesprze\u0107 dzia\u0142alno\u015b\u0107 i inicjatywy Komitetu, dokonuj\u0105c darowizny kart\u0105 kredytow\u0105 lub przez PayPal. DANE BANKOWE: Banca Intesa San Paolo, piazza P. Ferrari 10, 20121, Mediolan.Odbiorca: Amici di Takashi e Midori Nagai. IBAN: IT16B0306909606100000178799 BIC\/SWIFT (dall\u2019estero): BCITITMMPRZEKA\u017b DAROWIZN\u0118 TERAZSkontaktuj si\u0119 z &#8230; <\/p>\n<div><a href=\"https:\/\/amicinagai.com\/pl\/letture-consigliate\/letture-consigliate-in-portoghese\/\" class=\"more-link\">Read More<\/a><\/div>\n","protected":false},"author":1,"featured_media":0,"parent":2720,"menu_order":0,"comment_status":"closed","ping_status":"closed","template":"template-blank-4.php","meta":{"_acf_changed":false,"footnotes":""},"class_list":["post-2808","page","type-page","status-publish","hentry","no-post-thumbnail"],"acf":[],"_links":{"self":[{"href":"https:\/\/amicinagai.com\/pl\/wp-json\/wp\/v2\/pages\/2808","targetHints":{"allow":["GET"]}}],"collection":[{"href":"https:\/\/amicinagai.com\/pl\/wp-json\/wp\/v2\/pages"}],"about":[{"href":"https:\/\/amicinagai.com\/pl\/wp-json\/wp\/v2\/types\/page"}],"author":[{"embeddable":true,"href":"https:\/\/amicinagai.com\/pl\/wp-json\/wp\/v2\/users\/1"}],"replies":[{"embeddable":true,"href":"https:\/\/amicinagai.com\/pl\/wp-json\/wp\/v2\/comments?post=2808"}],"version-history":[{"count":2,"href":"https:\/\/amicinagai.com\/pl\/wp-json\/wp\/v2\/pages\/2808\/revisions"}],"predecessor-version":[{"id":2815,"href":"https:\/\/amicinagai.com\/pl\/wp-json\/wp\/v2\/pages\/2808\/revisions\/2815"}],"up":[{"embeddable":true,"href":"https:\/\/amicinagai.com\/pl\/wp-json\/wp\/v2\/pages\/2720"}],"wp:attachment":[{"href":"https:\/\/amicinagai.com\/pl\/wp-json\/wp\/v2\/media?parent=2808"}],"curies":[{"name":"wp","href":"https:\/\/api.w.org\/{rel}","templated":true}]}}