{"id":2782,"date":"2025-03-07T20:56:32","date_gmt":"2025-03-07T19:56:32","guid":{"rendered":"https:\/\/amicinagai.com\/letture-consigliate\/letture-consigliate-in-italiano\/"},"modified":"2026-02-20T17:38:02","modified_gmt":"2026-02-20T16:38:02","slug":"letture-consigliate-in-italiano","status":"publish","type":"page","link":"https:\/\/amicinagai.com\/pl\/letture-consigliate\/letture-consigliate-in-italiano\/","title":{"rendered":"Polecane lektury w j\u0119zyku w\u0142oskim"},"content":{"rendered":"<div id=\"cs-content\" class=\"cs-content\"><\/div>\n","protected":false},"excerpt":{"rendered":"<p>Libri di Takashi Nagai Ci\u00f2 che non muore mai Pensieri dal Nyokodo Lasciando questi ragazzi Il passo della vergine Il rosario di Nagasaki Le campane di Nagasaki Il sorriso delle campane di Nagasaki \u201ePozostawiaj\u0105c tych ch\u0142opc\u00f3w\u201d, \u201eTo, co nigdy nie umiera\u201d, \u201eMy\u015bli z Nyokodo\u201d, \u201ePrzej\u015bcie Dziewicy\u201d: t\u0142umaczenie i redakcja \u201ePrzyjaciele Takashiego i Midori Nagai\u201d.Altre letture Nagasaki 1945 Santi, martiri e &#8230; <\/p>\n<div><a href=\"https:\/\/amicinagai.com\/pl\/letture-consigliate\/letture-consigliate-in-italiano\/\" class=\"more-link\">Read More<\/a><\/div>\n","protected":false},"author":1,"featured_media":0,"parent":2720,"menu_order":0,"comment_status":"closed","ping_status":"closed","template":"template-blank-4.php","meta":{"_acf_changed":false,"footnotes":""},"class_list":["post-2782","page","type-page","status-publish","hentry","no-post-thumbnail"],"acf":[],"_links":{"self":[{"href":"https:\/\/amicinagai.com\/pl\/wp-json\/wp\/v2\/pages\/2782","targetHints":{"allow":["GET"]}}],"collection":[{"href":"https:\/\/amicinagai.com\/pl\/wp-json\/wp\/v2\/pages"}],"about":[{"href":"https:\/\/amicinagai.com\/pl\/wp-json\/wp\/v2\/types\/page"}],"author":[{"embeddable":true,"href":"https:\/\/amicinagai.com\/pl\/wp-json\/wp\/v2\/users\/1"}],"replies":[{"embeddable":true,"href":"https:\/\/amicinagai.com\/pl\/wp-json\/wp\/v2\/comments?post=2782"}],"version-history":[{"count":2,"href":"https:\/\/amicinagai.com\/pl\/wp-json\/wp\/v2\/pages\/2782\/revisions"}],"predecessor-version":[{"id":2796,"href":"https:\/\/amicinagai.com\/pl\/wp-json\/wp\/v2\/pages\/2782\/revisions\/2796"}],"up":[{"embeddable":true,"href":"https:\/\/amicinagai.com\/pl\/wp-json\/wp\/v2\/pages\/2720"}],"wp:attachment":[{"href":"https:\/\/amicinagai.com\/pl\/wp-json\/wp\/v2\/media?parent=2782"}],"curies":[{"name":"wp","href":"https:\/\/api.w.org\/{rel}","templated":true}]}}