{"id":2748,"date":"2025-03-08T01:21:22","date_gmt":"2025-03-08T00:21:22","guid":{"rendered":"https:\/\/amicinagai.com\/letture-consigliate\/letture-consigliate-in-giapponese\/"},"modified":"2026-02-20T17:34:16","modified_gmt":"2026-02-20T16:34:16","slug":"letture-consigliate-in-giapponese","status":"publish","type":"page","link":"https:\/\/amicinagai.com\/pl\/letture-consigliate\/letture-consigliate-in-giapponese\/","title":{"rendered":"Polecane lektury w j\u0119zyku japo\u0144skim"},"content":{"rendered":"<div id=\"cs-content\" class=\"cs-content\"><\/div>\n","protected":false},"excerpt":{"rendered":"<p>\u6c38\u4e95\u9686\u8457\u66f8 \u9577\u5d0e\u306e\u9418 \u4ea1\u3073\u306c\u3082\u306e\u3092 \u5982\u5df1\u5802\u968f\u7b46 \u30ed\u30b6\u30ea\u30aa\u306e\u9396 \u3053\u306e\u5b50\u3092\u6b8b\u3057\u3066 \u4ed6\u8457\u8005\u4f5c\u54c1 \u6c38\u4e95\u9686\u3000\u539f\u7206\u306e\u8352\u91ce\u304b\u3089\u4e16\u754c\u306b\u300c\u5e73\u548c\u300d\u3092 \u6c38\u4e95\u9686\u306e\u751f\u6daf Z\u0142\u00f3\u017c darowizn\u0119 Mo\u017cesz wesprze\u0107 dzia\u0142alno\u015b\u0107 i inicjatywy Komitetu, dokonuj\u0105c darowizny kart\u0105 kredytow\u0105 lub przez PayPal. DANE BANKOWE: Banca Intesa San Paolo, piazza P. Ferrari 10, 20121, Mediolan.Odbiorca: Amici di Takashi e Midori Nagai. IBAN: IT16B0306909606100000178799 BIC\/SWIFT (dall\u2019estero): BCITITMMPRZEKA\u017b DAROWIZN\u0118 TERAZSkontaktuj si\u0119 z nami &quot;*&quot; oznacza pola wymagane Imi\u0119* Imi\u0119 Nazwisko E-mail* &#8230; <\/p>\n<div><a href=\"https:\/\/amicinagai.com\/pl\/letture-consigliate\/letture-consigliate-in-giapponese\/\" class=\"more-link\">Read More<\/a><\/div>\n","protected":false},"author":1,"featured_media":0,"parent":2720,"menu_order":0,"comment_status":"closed","ping_status":"closed","template":"template-blank-4.php","meta":{"_acf_changed":false,"footnotes":""},"class_list":["post-2748","page","type-page","status-publish","hentry","no-post-thumbnail"],"acf":[],"_links":{"self":[{"href":"https:\/\/amicinagai.com\/pl\/wp-json\/wp\/v2\/pages\/2748","targetHints":{"allow":["GET"]}}],"collection":[{"href":"https:\/\/amicinagai.com\/pl\/wp-json\/wp\/v2\/pages"}],"about":[{"href":"https:\/\/amicinagai.com\/pl\/wp-json\/wp\/v2\/types\/page"}],"author":[{"embeddable":true,"href":"https:\/\/amicinagai.com\/pl\/wp-json\/wp\/v2\/users\/1"}],"replies":[{"embeddable":true,"href":"https:\/\/amicinagai.com\/pl\/wp-json\/wp\/v2\/comments?post=2748"}],"version-history":[{"count":2,"href":"https:\/\/amicinagai.com\/pl\/wp-json\/wp\/v2\/pages\/2748\/revisions"}],"predecessor-version":[{"id":2759,"href":"https:\/\/amicinagai.com\/pl\/wp-json\/wp\/v2\/pages\/2748\/revisions\/2759"}],"up":[{"embeddable":true,"href":"https:\/\/amicinagai.com\/pl\/wp-json\/wp\/v2\/pages\/2720"}],"wp:attachment":[{"href":"https:\/\/amicinagai.com\/pl\/wp-json\/wp\/v2\/media?parent=2748"}],"curies":[{"name":"wp","href":"https:\/\/api.w.org\/{rel}","templated":true}]}}