{"id":2728,"date":"2025-03-08T01:41:35","date_gmt":"2025-03-08T00:41:35","guid":{"rendered":"https:\/\/amicinagai.com\/letture-consigliate\/letture-consigliate-in-francese\/"},"modified":"2026-02-20T17:32:28","modified_gmt":"2026-02-20T16:32:28","slug":"letture-consigliate-in-francese","status":"publish","type":"page","link":"https:\/\/amicinagai.com\/pl\/letture-consigliate\/letture-consigliate-in-francese\/","title":{"rendered":"Polecane lektury w j\u0119zyku francuskim"},"content":{"rendered":"<div id=\"cs-content\" class=\"cs-content\"><\/div>\n","protected":false},"excerpt":{"rendered":"<p>Lectures Pens\u00e9es du Nyokod\u014d Ce qui ne peut mourir Le pas de la Vierge Les cloches de Nagasaki Nagasaki 1945 Le sourire des cloches de Nagasaki Champ de guerre chant de paix \u00e0 Nagasaki Requiem pour Nagasaki Z\u0142\u00f3\u017c darowizn\u0119 Mo\u017cesz wesprze\u0107 dzia\u0142alno\u015b\u0107 i inicjatywy Komitetu, dokonuj\u0105c darowizny kart\u0105 kredytow\u0105 lub przez PayPal. DANE BANKOWE: Banca Intesa San Paolo, piazza P. &#8230; <\/p>\n<div><a href=\"https:\/\/amicinagai.com\/pl\/letture-consigliate\/letture-consigliate-in-francese\/\" class=\"more-link\">Read More<\/a><\/div>\n","protected":false},"author":1,"featured_media":0,"parent":2720,"menu_order":0,"comment_status":"closed","ping_status":"closed","template":"template-blank-4.php","meta":{"_acf_changed":false,"footnotes":""},"class_list":["post-2728","page","type-page","status-publish","hentry","no-post-thumbnail"],"acf":[],"_links":{"self":[{"href":"https:\/\/amicinagai.com\/pl\/wp-json\/wp\/v2\/pages\/2728","targetHints":{"allow":["GET"]}}],"collection":[{"href":"https:\/\/amicinagai.com\/pl\/wp-json\/wp\/v2\/pages"}],"about":[{"href":"https:\/\/amicinagai.com\/pl\/wp-json\/wp\/v2\/types\/page"}],"author":[{"embeddable":true,"href":"https:\/\/amicinagai.com\/pl\/wp-json\/wp\/v2\/users\/1"}],"replies":[{"embeddable":true,"href":"https:\/\/amicinagai.com\/pl\/wp-json\/wp\/v2\/comments?post=2728"}],"version-history":[{"count":2,"href":"https:\/\/amicinagai.com\/pl\/wp-json\/wp\/v2\/pages\/2728\/revisions"}],"predecessor-version":[{"id":2739,"href":"https:\/\/amicinagai.com\/pl\/wp-json\/wp\/v2\/pages\/2728\/revisions\/2739"}],"up":[{"embeddable":true,"href":"https:\/\/amicinagai.com\/pl\/wp-json\/wp\/v2\/pages\/2720"}],"wp:attachment":[{"href":"https:\/\/amicinagai.com\/pl\/wp-json\/wp\/v2\/media?parent=2728"}],"curies":[{"name":"wp","href":"https:\/\/api.w.org\/{rel}","templated":true}]}}