{"id":2720,"date":"2025-03-07T17:34:16","date_gmt":"2025-03-07T16:34:16","guid":{"rendered":"https:\/\/amicinagai.com\/letture-consigliate\/"},"modified":"2026-02-20T17:16:18","modified_gmt":"2026-02-20T16:16:18","slug":"letture-consigliate","status":"publish","type":"page","link":"https:\/\/amicinagai.com\/pl\/letture-consigliate\/","title":{"rendered":"Polecane lektury"},"content":{"rendered":"<div id=\"cs-content\" class=\"cs-content\"><\/div>\n","protected":false},"excerpt":{"rendered":"<p>Polecane lektury Nasze rekomendacje, aby pozna\u0107 i pog\u0142\u0119bi\u0107 histori\u0119 Takashiego i Midori Nagai Polecane lektury w j\u0119zyku w\u0142oskimPolecane lektury w j\u0119zyku japo\u0144skimPolecane lektury w j\u0119zyku angielskimPolecane lektury w j\u0119zyku francuskimPolecane lektury w j\u0119zyku hiszpa\u0144skimPolecane lektury w j\u0119zyku portugalskimPolecane lektury w j\u0119zyku niemieckimPolecane lektury w j\u0119zyku rosyjskimZ\u0142\u00f3\u017c darowizn\u0119 Mo\u017cesz wesprze\u0107 dzia\u0142alno\u015b\u0107 i inicjatywy Komitetu, dokonuj\u0105c darowizny kart\u0105 kredytow\u0105 lub przez PayPal. &#8230; <\/p>\n<div><a href=\"https:\/\/amicinagai.com\/pl\/letture-consigliate\/\" class=\"more-link\">Read More<\/a><\/div>\n","protected":false},"author":1,"featured_media":0,"parent":0,"menu_order":0,"comment_status":"closed","ping_status":"closed","template":"template-blank-4.php","meta":{"_acf_changed":false,"footnotes":""},"class_list":["post-2720","page","type-page","status-publish","hentry","no-post-thumbnail"],"acf":[],"_links":{"self":[{"href":"https:\/\/amicinagai.com\/pl\/wp-json\/wp\/v2\/pages\/2720","targetHints":{"allow":["GET"]}}],"collection":[{"href":"https:\/\/amicinagai.com\/pl\/wp-json\/wp\/v2\/pages"}],"about":[{"href":"https:\/\/amicinagai.com\/pl\/wp-json\/wp\/v2\/types\/page"}],"author":[{"embeddable":true,"href":"https:\/\/amicinagai.com\/pl\/wp-json\/wp\/v2\/users\/1"}],"replies":[{"embeddable":true,"href":"https:\/\/amicinagai.com\/pl\/wp-json\/wp\/v2\/comments?post=2720"}],"version-history":[{"count":2,"href":"https:\/\/amicinagai.com\/pl\/wp-json\/wp\/v2\/pages\/2720\/revisions"}],"predecessor-version":[{"id":2726,"href":"https:\/\/amicinagai.com\/pl\/wp-json\/wp\/v2\/pages\/2720\/revisions\/2726"}],"wp:attachment":[{"href":"https:\/\/amicinagai.com\/pl\/wp-json\/wp\/v2\/media?parent=2720"}],"curies":[{"name":"wp","href":"https:\/\/api.w.org\/{rel}","templated":true}]}}