{"id":2666,"date":"2025-03-06T02:29:31","date_gmt":"2025-03-06T01:29:31","guid":{"rendered":"https:\/\/amicinagai.com\/oggi-a-nagasaki\/"},"modified":"2026-02-20T17:08:27","modified_gmt":"2026-02-20T16:08:27","slug":"oggi-a-nagasaki","status":"publish","type":"page","link":"https:\/\/amicinagai.com\/pl\/oggi-a-nagasaki\/","title":{"rendered":"Dzi\u015b w Nagasaki"},"content":{"rendered":"<div id=\"cs-content\" class=\"cs-content\"><\/div>\n","protected":false},"excerpt":{"rendered":"<p>Dzi\u015b w Nagasaki Historia Takashiego i Midori Nagai jest w tajemniczy spos\u00f3b zwi\u0105zana z ca\u0142\u0105 histori\u0105 chrze\u015bcija\u0144stwa w Japonii, kt\u00f3rego bij\u0105ce serce zawsze znajdowa\u0142o si\u0119 w Nagasaki. Wszystko, co wydarzy\u0142o si\u0119 w Japonii na przestrzeni czterech stuleci \u2013 pocz\u0105wszy od dzia\u0142alno\u015bci misjonarzy jezuit\u00f3w, poprzez tysi\u0105ce m\u0119czennik\u00f3w i Ukrytych Chrze\u015bcijan \u2013 zdaje si\u0119 zbiega\u0107 w historii ich \u017cycia. Miasto Nagasaki do &#8230; <\/p>\n<div><a href=\"https:\/\/amicinagai.com\/pl\/oggi-a-nagasaki\/\" class=\"more-link\">Read More<\/a><\/div>\n","protected":false},"author":1,"featured_media":0,"parent":0,"menu_order":0,"comment_status":"closed","ping_status":"closed","template":"template-blank-4.php","meta":{"_acf_changed":false,"footnotes":""},"class_list":["post-2666","page","type-page","status-publish","hentry","no-post-thumbnail"],"acf":[],"_links":{"self":[{"href":"https:\/\/amicinagai.com\/pl\/wp-json\/wp\/v2\/pages\/2666","targetHints":{"allow":["GET"]}}],"collection":[{"href":"https:\/\/amicinagai.com\/pl\/wp-json\/wp\/v2\/pages"}],"about":[{"href":"https:\/\/amicinagai.com\/pl\/wp-json\/wp\/v2\/types\/page"}],"author":[{"embeddable":true,"href":"https:\/\/amicinagai.com\/pl\/wp-json\/wp\/v2\/users\/1"}],"replies":[{"embeddable":true,"href":"https:\/\/amicinagai.com\/pl\/wp-json\/wp\/v2\/comments?post=2666"}],"version-history":[{"count":2,"href":"https:\/\/amicinagai.com\/pl\/wp-json\/wp\/v2\/pages\/2666\/revisions"}],"predecessor-version":[{"id":2694,"href":"https:\/\/amicinagai.com\/pl\/wp-json\/wp\/v2\/pages\/2666\/revisions\/2694"}],"wp:attachment":[{"href":"https:\/\/amicinagai.com\/pl\/wp-json\/wp\/v2\/media?parent=2666"}],"curies":[{"name":"wp","href":"https:\/\/api.w.org\/{rel}","templated":true}]}}