{"id":2634,"date":"2025-03-05T17:05:39","date_gmt":"2025-03-05T16:05:39","guid":{"rendered":"https:\/\/amicinagai.com\/preghiera\/"},"modified":"2026-02-20T11:40:11","modified_gmt":"2026-02-20T10:40:11","slug":"preghiera","status":"publish","type":"page","link":"https:\/\/amicinagai.com\/pl\/preghiera\/","title":{"rendered":"Modlitwa"},"content":{"rendered":"<div id=\"cs-content\" class=\"cs-content\"><\/div>\n","protected":false},"excerpt":{"rendered":"<p>Modlitwa Aby prosi\u0107 o wstawiennictwo, beatyfikacj\u0119 i kanonizacj\u0119 S\u0142ug Bo\u017cych Takashiego Paolo Nagai i Midori Mariny Moriyamy, ma\u0142\u017conk\u00f3w.Dnia 9 listopada 2021 roku arcybiskup Nagasaki, ks. Joseph Mitsuaki Takami, udzieli\u0142 kanonicznego imprimatur oraz zezwolenia na u\u017cywanie i rozpowszechnianie oficjalnej modlitwy o wstawiennictwo i kanonizacj\u0119 ma\u0142\u017conk\u00f3w Takashiego Paolo i Midori Mariny Nagai.Mo\u017cna zam\u00f3wi\u0107 druk obrazk\u00f3w z modlitw\u0105:wszystkie informacje potrzebne do z\u0142o\u017cenia zam\u00f3wienia &#8230; <\/p>\n<div><a href=\"https:\/\/amicinagai.com\/pl\/preghiera\/\" class=\"more-link\">Read More<\/a><\/div>\n","protected":false},"author":1,"featured_media":0,"parent":0,"menu_order":0,"comment_status":"closed","ping_status":"closed","template":"template-blank-4.php","meta":{"_acf_changed":false,"footnotes":""},"class_list":["post-2634","page","type-page","status-publish","hentry","no-post-thumbnail"],"acf":[],"_links":{"self":[{"href":"https:\/\/amicinagai.com\/pl\/wp-json\/wp\/v2\/pages\/2634","targetHints":{"allow":["GET"]}}],"collection":[{"href":"https:\/\/amicinagai.com\/pl\/wp-json\/wp\/v2\/pages"}],"about":[{"href":"https:\/\/amicinagai.com\/pl\/wp-json\/wp\/v2\/types\/page"}],"author":[{"embeddable":true,"href":"https:\/\/amicinagai.com\/pl\/wp-json\/wp\/v2\/users\/1"}],"replies":[{"embeddable":true,"href":"https:\/\/amicinagai.com\/pl\/wp-json\/wp\/v2\/comments?post=2634"}],"version-history":[{"count":2,"href":"https:\/\/amicinagai.com\/pl\/wp-json\/wp\/v2\/pages\/2634\/revisions"}],"predecessor-version":[{"id":2650,"href":"https:\/\/amicinagai.com\/pl\/wp-json\/wp\/v2\/pages\/2634\/revisions\/2650"}],"wp:attachment":[{"href":"https:\/\/amicinagai.com\/pl\/wp-json\/wp\/v2\/media?parent=2634"}],"curies":[{"name":"wp","href":"https:\/\/api.w.org\/{rel}","templated":true}]}}