{"id":2613,"date":"2025-02-06T03:53:11","date_gmt":"2025-02-06T02:53:11","guid":{"rendered":"https:\/\/amicinagai.com\/takashi-e-midori-nagai\/"},"modified":"2026-02-20T19:10:28","modified_gmt":"2026-02-20T18:10:28","slug":"takashi-e-midori-nagai","status":"publish","type":"page","link":"https:\/\/amicinagai.com\/pl\/takashi-e-midori-nagai\/","title":{"rendered":"Takashi i Midori Nagai"},"content":{"rendered":"<div id=\"cs-content\" class=\"cs-content\"><\/div>\n","protected":false},"excerpt":{"rendered":"<p>&bdquo;Czeka na mnie \u017cycie nowego dnia, prawdziwa rado\u015b\u0107&rdquo; &#8211; Takashi Paolo Nagai S\u0142uga Bo\u017cyTakashi Paolo Nagai Kiedy zrozumia\u0142em, \u017ce tym, czego powinienem szuka\u0107, jest co\u015b, co nie umiera, w moim sercu zago\u015bci\u0142a nowa i wielka nadzieja.&ndash; Takashi Nagai, &bdquo;To, co nigdy nie umiera&rdquo; Do dzi\u015b w Japonii m&oacute;wi si\u0119: dwie by\u0142y bomby atomowe, lecz w Hiroszimie si\u0119 krzyczy, a w &#8230; <\/p>\n<div><a href=\"https:\/\/amicinagai.com\/pl\/takashi-e-midori-nagai\/\" class=\"more-link\">Read More<\/a><\/div>\n","protected":false},"author":1,"featured_media":0,"parent":0,"menu_order":0,"comment_status":"closed","ping_status":"closed","template":"template-blank-4.php","meta":{"_acf_changed":false,"footnotes":""},"class_list":["post-2613","page","type-page","status-publish","hentry","no-post-thumbnail"],"acf":[],"_links":{"self":[{"href":"https:\/\/amicinagai.com\/pl\/wp-json\/wp\/v2\/pages\/2613","targetHints":{"allow":["GET"]}}],"collection":[{"href":"https:\/\/amicinagai.com\/pl\/wp-json\/wp\/v2\/pages"}],"about":[{"href":"https:\/\/amicinagai.com\/pl\/wp-json\/wp\/v2\/types\/page"}],"author":[{"embeddable":true,"href":"https:\/\/amicinagai.com\/pl\/wp-json\/wp\/v2\/users\/1"}],"replies":[{"embeddable":true,"href":"https:\/\/amicinagai.com\/pl\/wp-json\/wp\/v2\/comments?post=2613"}],"version-history":[{"count":4,"href":"https:\/\/amicinagai.com\/pl\/wp-json\/wp\/v2\/pages\/2613\/revisions"}],"predecessor-version":[{"id":2898,"href":"https:\/\/amicinagai.com\/pl\/wp-json\/wp\/v2\/pages\/2613\/revisions\/2898"}],"wp:attachment":[{"href":"https:\/\/amicinagai.com\/pl\/wp-json\/wp\/v2\/media?parent=2613"}],"curies":[{"name":"wp","href":"https:\/\/api.w.org\/{rel}","templated":true}]}}