{"id":2605,"date":"2025-02-06T02:32:20","date_gmt":"2025-02-06T01:32:20","guid":{"rendered":"https:\/\/amicinagai.com\/chi-siamo\/"},"modified":"2026-02-20T11:21:25","modified_gmt":"2026-02-20T10:21:25","slug":"chi-siamo","status":"publish","type":"page","link":"https:\/\/amicinagai.com\/pl\/chi-siamo\/","title":{"rendered":"Kim jeste\u015bmy"},"content":{"rendered":"<div id=\"cs-content\" class=\"cs-content\"><\/div>\n","protected":false},"excerpt":{"rendered":"<p>Przyjaciele Takashiego i Midori Nagai Przyjaciele Takashiego i Midori Nagai to Komitet uznany przez diecezj\u0119 Nagasaki za podmiot kanoniczny, za\u0142o\u017cony w Rzymie 23 marca 2021 roku przez osoby, kt\u00f3re pozna\u0142y histori\u0119 i wiar\u0119 ma\u0142\u017conk\u00f3w Nagai i zosta\u0142y nimi g\u0142\u0119boko poruszone. Celem Komitetu jest szerzenie \u015bwiadectwa tej pary ma\u0142\u017conk\u00f3w oraz wspieranie ich procesu beatyfikacyjnego.Nasza historia Co sk\u0142oni\u0142o nas do powo\u0142ania Komitetu &#8230; <\/p>\n<div><a href=\"https:\/\/amicinagai.com\/pl\/chi-siamo\/\" class=\"more-link\">Read More<\/a><\/div>\n","protected":false},"author":1,"featured_media":0,"parent":0,"menu_order":0,"comment_status":"closed","ping_status":"closed","template":"template-blank-4.php","meta":{"_acf_changed":false,"footnotes":""},"class_list":["post-2605","page","type-page","status-publish","hentry","no-post-thumbnail"],"acf":[],"_links":{"self":[{"href":"https:\/\/amicinagai.com\/pl\/wp-json\/wp\/v2\/pages\/2605","targetHints":{"allow":["GET"]}}],"collection":[{"href":"https:\/\/amicinagai.com\/pl\/wp-json\/wp\/v2\/pages"}],"about":[{"href":"https:\/\/amicinagai.com\/pl\/wp-json\/wp\/v2\/types\/page"}],"author":[{"embeddable":true,"href":"https:\/\/amicinagai.com\/pl\/wp-json\/wp\/v2\/users\/1"}],"replies":[{"embeddable":true,"href":"https:\/\/amicinagai.com\/pl\/wp-json\/wp\/v2\/comments?post=2605"}],"version-history":[{"count":2,"href":"https:\/\/amicinagai.com\/pl\/wp-json\/wp\/v2\/pages\/2605\/revisions"}],"predecessor-version":[{"id":2610,"href":"https:\/\/amicinagai.com\/pl\/wp-json\/wp\/v2\/pages\/2605\/revisions\/2610"}],"wp:attachment":[{"href":"https:\/\/amicinagai.com\/pl\/wp-json\/wp\/v2\/media?parent=2605"}],"curies":[{"name":"wp","href":"https:\/\/api.w.org\/{rel}","templated":true}]}}