{"id":2587,"date":"2025-01-23T01:22:41","date_gmt":"2025-01-23T00:22:41","guid":{"rendered":"https:\/\/amicinagai.com\/home\/"},"modified":"2026-02-20T10:38:43","modified_gmt":"2026-02-20T09:38:43","slug":"home","status":"publish","type":"page","link":"https:\/\/amicinagai.com\/pl\/","title":{"rendered":"Strona g\u0142\u00f3wna"},"content":{"rendered":"<div id=\"cs-content\" class=\"cs-content\"><\/div>\n","protected":false},"excerpt":{"rendered":"<p>S\u0142udzy Bo\u017cyTakashi Paolo Nagai i Midori Marina Moriyama Aktualno\u015bci Padre PAUL GLYNN (1928-2026) W pi\u0105tek 23 stycznia, w wieku 97 lat, odszed\u0142 do domu Ojca ojciec Paul Glynn, australijski kap\u0142an marysta, kt\u00f3ry znaczn\u0105 cz\u0119\u015b\u0107 swojego \u017cycia sp\u0119dzi\u0142 jako misjonarz w Japonii. To dzi\u0119ki jego pracy \u015bwiadectwo Takashiego i Midori Nagai mog\u0142o w ci\u0105gu\u20262026-02-04 Wydarzenia 20 kwiW\u0142ochy- Mestre Rozbrojeni przez mi\u0142o\u015b\u0107 &#8230; <\/p>\n<div><a href=\"https:\/\/amicinagai.com\/pl\/\" class=\"more-link\">Read More<\/a><\/div>\n","protected":false},"author":1,"featured_media":0,"parent":0,"menu_order":0,"comment_status":"closed","ping_status":"closed","template":"template-blank-4.php","meta":{"_acf_changed":false,"footnotes":""},"class_list":["post-2587","page","type-page","status-publish","hentry","no-post-thumbnail"],"acf":[],"_links":{"self":[{"href":"https:\/\/amicinagai.com\/pl\/wp-json\/wp\/v2\/pages\/2587","targetHints":{"allow":["GET"]}}],"collection":[{"href":"https:\/\/amicinagai.com\/pl\/wp-json\/wp\/v2\/pages"}],"about":[{"href":"https:\/\/amicinagai.com\/pl\/wp-json\/wp\/v2\/types\/page"}],"author":[{"embeddable":true,"href":"https:\/\/amicinagai.com\/pl\/wp-json\/wp\/v2\/users\/1"}],"replies":[{"embeddable":true,"href":"https:\/\/amicinagai.com\/pl\/wp-json\/wp\/v2\/comments?post=2587"}],"version-history":[{"count":2,"href":"https:\/\/amicinagai.com\/pl\/wp-json\/wp\/v2\/pages\/2587\/revisions"}],"predecessor-version":[{"id":2597,"href":"https:\/\/amicinagai.com\/pl\/wp-json\/wp\/v2\/pages\/2587\/revisions\/2597"}],"wp:attachment":[{"href":"https:\/\/amicinagai.com\/pl\/wp-json\/wp\/v2\/media?parent=2587"}],"curies":[{"name":"wp","href":"https:\/\/api.w.org\/{rel}","templated":true}]}}