{"id":2807,"date":"2025-03-08T01:59:34","date_gmt":"2025-03-08T00:59:34","guid":{"rendered":"https:\/\/amicinagai.com\/letture-consigliate\/letture-consigliate-in-portoghese\/"},"modified":"2026-02-20T17:39:04","modified_gmt":"2026-02-20T16:39:04","slug":"letture-consigliate-in-portoghese","status":"publish","type":"page","link":"https:\/\/amicinagai.com\/ko\/letture-consigliate\/letture-consigliate-in-portoghese\/","title":{"rendered":"\ud3ec\ub974\ud22c\uac08\uc5b4 \ucd94\ucc9c \ub3c4\uc11c"},"content":{"rendered":"<div id=\"cs-content\" class=\"cs-content\"><\/div>\n","protected":false},"excerpt":{"rendered":"<p>Leituras recomendadas em Portugu\u00eas Aquilo que nunca morre Um Hino a Nagasaki Takashi Nagai: uma Can\u00e7\u00e3o por Nagasaki \uae30\ubd80\ud558\uae30 \uc704\uc6d0\ud68c\uc758 \ud65c\ub3d9\uacfc \uc774\ub2c8\uc154\ud2f0\ube0c\ub97c \uc2e0\uc6a9\uce74\ub4dc \ub610\ub294 PayPal\uc744 \ud1b5\ud574 \uae30\ubd80\ud558\uc5ec \ud6c4\uc6d0\ud558\uc2e4 \uc218 \uc788\uc2b5\ub2c8\ub2e4. \uc740\ud589 \uc815\ubcf4: Banca Intesa San Paolo, Piazza P. Ferrari 10, 20121, Milano\uc608\uae08\uc8fc: Amici di Takashi e Midori Nagai IBAN: IT16B0306909606100000178799 BIC\/SWIFT (\ud574\uc678 \uc1a1\uae08 \uc2dc): BCITITMM\uc9c0\uae08 \uae30\ubd80\ud558\uae30\ubb38\uc758\ud558\uae30 &quot;*&quot; indicates required fields &#8230; <\/p>\n<div><a href=\"https:\/\/amicinagai.com\/ko\/letture-consigliate\/letture-consigliate-in-portoghese\/\" class=\"more-link\">Read More<\/a><\/div>\n","protected":false},"author":1,"featured_media":0,"parent":2719,"menu_order":0,"comment_status":"closed","ping_status":"closed","template":"template-blank-4.php","meta":{"_acf_changed":false,"footnotes":""},"class_list":["post-2807","page","type-page","status-publish","hentry","no-post-thumbnail"],"acf":[],"_links":{"self":[{"href":"https:\/\/amicinagai.com\/ko\/wp-json\/wp\/v2\/pages\/2807","targetHints":{"allow":["GET"]}}],"collection":[{"href":"https:\/\/amicinagai.com\/ko\/wp-json\/wp\/v2\/pages"}],"about":[{"href":"https:\/\/amicinagai.com\/ko\/wp-json\/wp\/v2\/types\/page"}],"author":[{"embeddable":true,"href":"https:\/\/amicinagai.com\/ko\/wp-json\/wp\/v2\/users\/1"}],"replies":[{"embeddable":true,"href":"https:\/\/amicinagai.com\/ko\/wp-json\/wp\/v2\/comments?post=2807"}],"version-history":[{"count":2,"href":"https:\/\/amicinagai.com\/ko\/wp-json\/wp\/v2\/pages\/2807\/revisions"}],"predecessor-version":[{"id":2811,"href":"https:\/\/amicinagai.com\/ko\/wp-json\/wp\/v2\/pages\/2807\/revisions\/2811"}],"up":[{"embeddable":true,"href":"https:\/\/amicinagai.com\/ko\/wp-json\/wp\/v2\/pages\/2719"}],"wp:attachment":[{"href":"https:\/\/amicinagai.com\/ko\/wp-json\/wp\/v2\/media?parent=2807"}],"curies":[{"name":"wp","href":"https:\/\/api.w.org\/{rel}","templated":true}]}}