{"id":1668,"date":"2025-03-08T01:32:50","date_gmt":"2025-03-08T00:32:50","guid":{"rendered":"https:\/\/amicinagai.com\/recommended-readings\/lectures-recommandees-en-anglais\/"},"modified":"2025-09-27T12:46:10","modified_gmt":"2025-09-27T11:46:10","slug":"lectures-recommandees-en-anglais","status":"publish","type":"page","link":"https:\/\/amicinagai.com\/fr\/lectures-recommandees\/lectures-recommandees-en-anglais\/","title":{"rendered":"Lectures recommand\u00e9es en anglais"},"content":{"rendered":"<div id=\"cs-content\" class=\"cs-content\"><\/div>\n","protected":false},"excerpt":{"rendered":"<p>Lectures recommand\u00e9es R\u00e9flexions de Nyokod\u014d Le passage de la Vierge Une chanson pour Nagasaki The bells of Nagasaki Faire un don Vous pouvez soutenir les activit&eacute;s et les initiatives du Comit&eacute;en faisant un don par carte de cr&eacute;dit ou par Paypal. COORDONN&Eacute;ES DE LA BANQUE: Banca Intesa San Paolo, Piazza P. Ferrari 10, 20121, Milan. Fait &agrave;: Amici di Takashi &#8230; <\/p>\n<div><a href=\"https:\/\/amicinagai.com\/fr\/lectures-recommandees\/lectures-recommandees-en-anglais\/\" class=\"more-link\">Read More<\/a><\/div>\n","protected":false},"author":1,"featured_media":0,"parent":1607,"menu_order":0,"comment_status":"closed","ping_status":"closed","template":"template-blank-4.php","meta":{"_acf_changed":false,"footnotes":""},"class_list":["post-1668","page","type-page","status-publish","hentry","no-post-thumbnail"],"acf":[],"_links":{"self":[{"href":"https:\/\/amicinagai.com\/fr\/wp-json\/wp\/v2\/pages\/1668","targetHints":{"allow":["GET"]}}],"collection":[{"href":"https:\/\/amicinagai.com\/fr\/wp-json\/wp\/v2\/pages"}],"about":[{"href":"https:\/\/amicinagai.com\/fr\/wp-json\/wp\/v2\/types\/page"}],"author":[{"embeddable":true,"href":"https:\/\/amicinagai.com\/fr\/wp-json\/wp\/v2\/users\/1"}],"replies":[{"embeddable":true,"href":"https:\/\/amicinagai.com\/fr\/wp-json\/wp\/v2\/comments?post=1668"}],"version-history":[{"count":2,"href":"https:\/\/amicinagai.com\/fr\/wp-json\/wp\/v2\/pages\/1668\/revisions"}],"predecessor-version":[{"id":2293,"href":"https:\/\/amicinagai.com\/fr\/wp-json\/wp\/v2\/pages\/1668\/revisions\/2293"}],"up":[{"embeddable":true,"href":"https:\/\/amicinagai.com\/fr\/wp-json\/wp\/v2\/pages\/1607"}],"wp:attachment":[{"href":"https:\/\/amicinagai.com\/fr\/wp-json\/wp\/v2\/media?parent=1668"}],"curies":[{"name":"wp","href":"https:\/\/api.w.org\/{rel}","templated":true}]}}