{"id":1603,"date":"2025-03-06T02:29:31","date_gmt":"2025-03-06T01:29:31","guid":{"rendered":"https:\/\/amicinagai.com\/today-in-nagasaki\/"},"modified":"2025-06-26T17:43:54","modified_gmt":"2025-06-26T16:43:54","slug":"aujourdhui-a-nagasaki","status":"publish","type":"page","link":"https:\/\/amicinagai.com\/fr\/aujourdhui-a-nagasaki\/","title":{"rendered":"Aujourd&rsquo;hui \u00e0 Nagasaki"},"content":{"rendered":"<div id=\"cs-content\" class=\"cs-content\"><\/div>\n","protected":false},"excerpt":{"rendered":"<p>Aujourd&rsquo;hui \u00e0 Nagasaki L&rsquo;histoire de Takashi et Midori Nagai est myst\u00e9rieusement li\u00e9e \u00e0 toute l&rsquo;histoire du christianisme au Japon, dont le c\u0153ur a toujours battu \u00e0 Nagasaki. Tout ce qui s&rsquo;est pass\u00e9 au Japon pendant quatre si\u00e8cles &#8211; depuis le travail des missionnaires j\u00e9suites jusqu&rsquo;aux milliers de martyrs et de chr\u00e9tiens cach\u00e9s &#8211; semble vouloir converger vers l&rsquo;histoire de leur &#8230; <\/p>\n<div><a href=\"https:\/\/amicinagai.com\/fr\/aujourdhui-a-nagasaki\/\" class=\"more-link\">Read More<\/a><\/div>\n","protected":false},"author":1,"featured_media":0,"parent":0,"menu_order":0,"comment_status":"closed","ping_status":"closed","template":"template-blank-4.php","meta":{"_acf_changed":false,"footnotes":""},"class_list":["post-1603","page","type-page","status-publish","hentry","no-post-thumbnail"],"acf":[],"_links":{"self":[{"href":"https:\/\/amicinagai.com\/fr\/wp-json\/wp\/v2\/pages\/1603","targetHints":{"allow":["GET"]}}],"collection":[{"href":"https:\/\/amicinagai.com\/fr\/wp-json\/wp\/v2\/pages"}],"about":[{"href":"https:\/\/amicinagai.com\/fr\/wp-json\/wp\/v2\/types\/page"}],"author":[{"embeddable":true,"href":"https:\/\/amicinagai.com\/fr\/wp-json\/wp\/v2\/users\/1"}],"replies":[{"embeddable":true,"href":"https:\/\/amicinagai.com\/fr\/wp-json\/wp\/v2\/comments?post=1603"}],"version-history":[{"count":2,"href":"https:\/\/amicinagai.com\/fr\/wp-json\/wp\/v2\/pages\/1603\/revisions"}],"predecessor-version":[{"id":2081,"href":"https:\/\/amicinagai.com\/fr\/wp-json\/wp\/v2\/pages\/1603\/revisions\/2081"}],"wp:attachment":[{"href":"https:\/\/amicinagai.com\/fr\/wp-json\/wp\/v2\/media?parent=1603"}],"curies":[{"name":"wp","href":"https:\/\/api.w.org\/{rel}","templated":true}]}}