{"id":1586,"date":"2025-03-13T11:15:44","date_gmt":"2025-03-13T10:15:44","guid":{"rendered":"https:\/\/amicinagai.com\/associazione-gratuita\/"},"modified":"2025-04-25T12:34:27","modified_gmt":"2025-04-25T11:34:27","slug":"libre-association","status":"publish","type":"page","link":"https:\/\/amicinagai.com\/fr\/libre-association\/","title":{"rendered":"Libre association"},"content":{"rendered":"<div id=\"cs-content\" class=\"cs-content\"><\/div>\n","protected":false},"excerpt":{"rendered":"<p>Devenez un ami de Takashi e Midori Nagai Vous recevrez le bulletin d&rsquo;information bimensuel et serez inform\u00e9 de toutes nos activit\u00e9s dans le monde. \u00ab\u00a0*\u00a0\u00bb indique les champs n\u00e9cessaires Nom* Pr\u00e9nom Nom Courriel*Apr\u00e8s avoir saisi votre adresse e-mail, cochez la case ci-dessous pour vous abonner \u00e0 notre lettre d&rsquo;information. Confirmation par courriel* Inscrivez-vous pour recevoir les mises \u00e0 jour et &#8230; <\/p>\n<div><a href=\"https:\/\/amicinagai.com\/fr\/libre-association\/\" class=\"more-link\">Read More<\/a><\/div>\n","protected":false},"author":1,"featured_media":0,"parent":0,"menu_order":0,"comment_status":"closed","ping_status":"closed","template":"template-blank-4.php","meta":{"_acf_changed":false,"footnotes":""},"class_list":["post-1586","page","type-page","status-publish","hentry","no-post-thumbnail"],"acf":[],"_links":{"self":[{"href":"https:\/\/amicinagai.com\/fr\/wp-json\/wp\/v2\/pages\/1586","targetHints":{"allow":["GET"]}}],"collection":[{"href":"https:\/\/amicinagai.com\/fr\/wp-json\/wp\/v2\/pages"}],"about":[{"href":"https:\/\/amicinagai.com\/fr\/wp-json\/wp\/v2\/types\/page"}],"author":[{"embeddable":true,"href":"https:\/\/amicinagai.com\/fr\/wp-json\/wp\/v2\/users\/1"}],"replies":[{"embeddable":true,"href":"https:\/\/amicinagai.com\/fr\/wp-json\/wp\/v2\/comments?post=1586"}],"version-history":[{"count":2,"href":"https:\/\/amicinagai.com\/fr\/wp-json\/wp\/v2\/pages\/1586\/revisions"}],"predecessor-version":[{"id":1751,"href":"https:\/\/amicinagai.com\/fr\/wp-json\/wp\/v2\/pages\/1586\/revisions\/1751"}],"wp:attachment":[{"href":"https:\/\/amicinagai.com\/fr\/wp-json\/wp\/v2\/media?parent=1586"}],"curies":[{"name":"wp","href":"https:\/\/api.w.org\/{rel}","templated":true}]}}