{"id":1582,"date":"2025-03-07T13:40:00","date_gmt":"2025-03-07T12:40:00","guid":{"rendered":"https:\/\/amicinagai.com\/diventa-amico\/"},"modified":"2025-04-25T12:35:42","modified_gmt":"2025-04-25T11:35:42","slug":"devenez-un-ami","status":"publish","type":"page","link":"https:\/\/amicinagai.com\/fr\/devenez-un-ami\/","title":{"rendered":"Devenez un ami"},"content":{"rendered":"<div id=\"cs-content\" class=\"cs-content\"><\/div>\n","protected":false},"excerpt":{"rendered":"<p>Devenez un ami de Takashi e Midori Nagai Devenez membre bienfaiteur Contribuez \u00e0 notre histoire Recevez la NewsLetter Restez inform\u00e9 de toutes nos activit\u00e9s dans le monde Pour devenir un ami de Takashi e Midori Nagai souscrivez \u00e0 une adh\u00e9sion annuelle. Participez \u00e0 notre histoire et accompagnez-nous dans ce voyage. C&rsquo;est vous qui d\u00e9cidez de la mani\u00e8re de contribuer. Libre &#8230; <\/p>\n<div><a href=\"https:\/\/amicinagai.com\/fr\/devenez-un-ami\/\" class=\"more-link\">Read More<\/a><\/div>\n","protected":false},"author":1,"featured_media":0,"parent":0,"menu_order":0,"comment_status":"closed","ping_status":"closed","template":"template-blank-4.php","meta":{"_acf_changed":false,"footnotes":""},"class_list":["post-1582","page","type-page","status-publish","hentry","no-post-thumbnail"],"acf":[],"_links":{"self":[{"href":"https:\/\/amicinagai.com\/fr\/wp-json\/wp\/v2\/pages\/1582","targetHints":{"allow":["GET"]}}],"collection":[{"href":"https:\/\/amicinagai.com\/fr\/wp-json\/wp\/v2\/pages"}],"about":[{"href":"https:\/\/amicinagai.com\/fr\/wp-json\/wp\/v2\/types\/page"}],"author":[{"embeddable":true,"href":"https:\/\/amicinagai.com\/fr\/wp-json\/wp\/v2\/users\/1"}],"replies":[{"embeddable":true,"href":"https:\/\/amicinagai.com\/fr\/wp-json\/wp\/v2\/comments?post=1582"}],"version-history":[{"count":2,"href":"https:\/\/amicinagai.com\/fr\/wp-json\/wp\/v2\/pages\/1582\/revisions"}],"predecessor-version":[{"id":1729,"href":"https:\/\/amicinagai.com\/fr\/wp-json\/wp\/v2\/pages\/1582\/revisions\/1729"}],"wp:attachment":[{"href":"https:\/\/amicinagai.com\/fr\/wp-json\/wp\/v2\/media?parent=1582"}],"curies":[{"name":"wp","href":"https:\/\/api.w.org\/{rel}","templated":true}]}}