{"id":1424,"date":"2025-03-13T11:15:44","date_gmt":"2025-03-13T10:15:44","guid":{"rendered":"https:\/\/amicinagai.com\/%e3%83%95%e3%83%aa%e3%83%bc%e3%83%bb%e3%82%a2%e3%82%bd%e3%82%b7%e3%82%a8%e3%83%bc%e3%82%b7%e3%83%a7%e3%83%b3-spagnolo\/"},"modified":"2025-03-19T17:50:59","modified_gmt":"2025-03-19T16:50:59","slug":"associazione-gratuita-4","status":"publish","type":"page","link":"https:\/\/amicinagai.com\/es\/associazione-gratuita-4\/","title":{"rendered":"Libre asociaci\u00f3n"},"content":{"rendered":"<div id=\"cs-content\" class=\"cs-content\"><\/div>\n","protected":false},"excerpt":{"rendered":"<p>Diventa Amico di Takashi e Midori Nagai Riceverai la newsletter bimestrale e sarai aggiornato su tutte le nostre attivit&agrave; in giro per il mondo &quot;*&quot; se\u00f1ala los campos obligatorios Nombre* Nombre Apellidos Correo electr\u00f3nico*Una vez introducida su direcci\u00f3n de correo electr\u00f3nico, marque la casilla siguiente para suscribirse a nuestro bolet\u00edn de noticias Confirmaci\u00f3n por correo electr\u00f3nico* Suscr\u00edbase a las actualizaciones &#8230; <\/p>\n<div><a href=\"https:\/\/amicinagai.com\/es\/associazione-gratuita-4\/\" class=\"more-link\">Read More<\/a><\/div>\n","protected":false},"author":1,"featured_media":0,"parent":0,"menu_order":0,"comment_status":"closed","ping_status":"closed","template":"template-blank-4.php","meta":{"_acf_changed":false,"footnotes":""},"class_list":["post-1424","page","type-page","status-publish","hentry","no-post-thumbnail"],"acf":[],"_links":{"self":[{"href":"https:\/\/amicinagai.com\/es\/wp-json\/wp\/v2\/pages\/1424","targetHints":{"allow":["GET"]}}],"collection":[{"href":"https:\/\/amicinagai.com\/es\/wp-json\/wp\/v2\/pages"}],"about":[{"href":"https:\/\/amicinagai.com\/es\/wp-json\/wp\/v2\/types\/page"}],"author":[{"embeddable":true,"href":"https:\/\/amicinagai.com\/es\/wp-json\/wp\/v2\/users\/1"}],"replies":[{"embeddable":true,"href":"https:\/\/amicinagai.com\/es\/wp-json\/wp\/v2\/comments?post=1424"}],"version-history":[{"count":4,"href":"https:\/\/amicinagai.com\/es\/wp-json\/wp\/v2\/pages\/1424\/revisions"}],"predecessor-version":[{"id":1428,"href":"https:\/\/amicinagai.com\/es\/wp-json\/wp\/v2\/pages\/1424\/revisions\/1428"}],"wp:attachment":[{"href":"https:\/\/amicinagai.com\/es\/wp-json\/wp\/v2\/media?parent=1424"}],"curies":[{"name":"wp","href":"https:\/\/api.w.org\/{rel}","templated":true}]}}