{"id":1692,"date":"2025-03-08T01:59:34","date_gmt":"2025-03-08T00:59:34","guid":{"rendered":"https:\/\/amicinagai.com\/recommended-readings\/empfohlene-lekture-auf-portugiesisch\/"},"modified":"2026-02-20T17:38:21","modified_gmt":"2026-02-20T16:38:21","slug":"empfohlene-lekture-auf-portugiesisch","status":"publish","type":"page","link":"https:\/\/amicinagai.com\/de\/empfohlene-lektuere\/empfohlene-lekture-auf-portugiesisch\/","title":{"rendered":"Empfohlene Lekt\u00fcre auf Portugiesisch"},"content":{"rendered":"<div id=\"cs-content\" class=\"cs-content\"><\/div>\n","protected":false},"excerpt":{"rendered":"<p>Empfohlene Lekt\u00fcre auf Portugiesisch Aquilo que nunca morre Um Hino a Nagasaki Takashi Nagai: uma Can\u00e7\u00e3o por Nagasaki Eine Spende machen Sie k&ouml;nnen die Aktivit&auml;ten und Initiativen des Ausschusses unterst&uuml;tzendurch eine Spende per Kreditkarte oder Paypal. BANK KOORDINIERT: Banca Intesa San Paolo, Piazza P. Ferrari 10, 20121, Milan. Made out to: Amici di Takashi e Midori Nagai. IBAN: IT16B0306909606100000178799 BIC\/SWIFT &#8230; <\/p>\n<div><a href=\"https:\/\/amicinagai.com\/de\/empfohlene-lektuere\/empfohlene-lekture-auf-portugiesisch\/\" class=\"more-link\">Read More<\/a><\/div>\n","protected":false},"author":1,"featured_media":0,"parent":1608,"menu_order":0,"comment_status":"closed","ping_status":"closed","template":"template-blank-4.php","meta":{"_acf_changed":false,"footnotes":""},"class_list":["post-1692","page","type-page","status-publish","hentry","no-post-thumbnail"],"acf":[],"_links":{"self":[{"href":"https:\/\/amicinagai.com\/de\/wp-json\/wp\/v2\/pages\/1692","targetHints":{"allow":["GET"]}}],"collection":[{"href":"https:\/\/amicinagai.com\/de\/wp-json\/wp\/v2\/pages"}],"about":[{"href":"https:\/\/amicinagai.com\/de\/wp-json\/wp\/v2\/types\/page"}],"author":[{"embeddable":true,"href":"https:\/\/amicinagai.com\/de\/wp-json\/wp\/v2\/users\/1"}],"replies":[{"embeddable":true,"href":"https:\/\/amicinagai.com\/de\/wp-json\/wp\/v2\/comments?post=1692"}],"version-history":[{"count":1,"href":"https:\/\/amicinagai.com\/de\/wp-json\/wp\/v2\/pages\/1692\/revisions"}],"predecessor-version":[{"id":1693,"href":"https:\/\/amicinagai.com\/de\/wp-json\/wp\/v2\/pages\/1692\/revisions\/1693"}],"up":[{"embeddable":true,"href":"https:\/\/amicinagai.com\/de\/wp-json\/wp\/v2\/pages\/1608"}],"wp:attachment":[{"href":"https:\/\/amicinagai.com\/de\/wp-json\/wp\/v2\/media?parent=1692"}],"curies":[{"name":"wp","href":"https:\/\/api.w.org\/{rel}","templated":true}]}}