{"id":1587,"date":"2025-03-13T11:15:44","date_gmt":"2025-03-13T10:15:44","guid":{"rendered":"https:\/\/amicinagai.com\/associazione-gratuita\/"},"modified":"2025-04-25T12:34:35","modified_gmt":"2025-04-25T11:34:35","slug":"freie-assoziation","status":"publish","type":"page","link":"https:\/\/amicinagai.com\/de\/freie-assoziation\/","title":{"rendered":"Freie Assoziation"},"content":{"rendered":"<div id=\"cs-content\" class=\"cs-content\"><\/div>\n","protected":false},"excerpt":{"rendered":"<p>Werden Sie ein Freund von Takashi e Midori Nagai Sie erhalten den zweimonatlich erscheinenden Newsletter und werden \u00fcber alle unsere Aktivit\u00e4ten auf der ganzen Welt informiert. \u201e*\u201c zeigt erforderliche Felder an Name* Vorname Nachname E-Mail*Nachdem Sie Ihre E-Mail-Adresse eingegeben haben, markieren Sie das folgende K\u00e4stchen, um unseren Newsletter zu abonnieren E-Mail-Best\u00e4tigung* Melden Sie sich f\u00fcr Updates an und bleiben Sie &#8230; <\/p>\n<div><a href=\"https:\/\/amicinagai.com\/de\/freie-assoziation\/\" class=\"more-link\">Read More<\/a><\/div>\n","protected":false},"author":1,"featured_media":0,"parent":0,"menu_order":0,"comment_status":"closed","ping_status":"closed","template":"template-blank-4.php","meta":{"_acf_changed":false,"footnotes":""},"class_list":["post-1587","page","type-page","status-publish","hentry","no-post-thumbnail"],"acf":[],"_links":{"self":[{"href":"https:\/\/amicinagai.com\/de\/wp-json\/wp\/v2\/pages\/1587","targetHints":{"allow":["GET"]}}],"collection":[{"href":"https:\/\/amicinagai.com\/de\/wp-json\/wp\/v2\/pages"}],"about":[{"href":"https:\/\/amicinagai.com\/de\/wp-json\/wp\/v2\/types\/page"}],"author":[{"embeddable":true,"href":"https:\/\/amicinagai.com\/de\/wp-json\/wp\/v2\/users\/1"}],"replies":[{"embeddable":true,"href":"https:\/\/amicinagai.com\/de\/wp-json\/wp\/v2\/comments?post=1587"}],"version-history":[{"count":2,"href":"https:\/\/amicinagai.com\/de\/wp-json\/wp\/v2\/pages\/1587\/revisions"}],"predecessor-version":[{"id":1752,"href":"https:\/\/amicinagai.com\/de\/wp-json\/wp\/v2\/pages\/1587\/revisions\/1752"}],"wp:attachment":[{"href":"https:\/\/amicinagai.com\/de\/wp-json\/wp\/v2\/media?parent=1587"}],"curies":[{"name":"wp","href":"https:\/\/api.w.org\/{rel}","templated":true}]}}