{"id":1583,"date":"2025-03-07T13:40:00","date_gmt":"2025-03-07T12:40:00","guid":{"rendered":"https:\/\/amicinagai.com\/diventa-amico\/"},"modified":"2025-04-25T12:36:00","modified_gmt":"2025-04-25T11:36:00","slug":"werden-sie-ein-freund","status":"publish","type":"page","link":"https:\/\/amicinagai.com\/de\/werden-sie-ein-freund\/","title":{"rendered":"Werden Sie ein Freund"},"content":{"rendered":"<div id=\"cs-content\" class=\"cs-content\"><\/div>\n","protected":false},"excerpt":{"rendered":"<p>Werden Sie ein Freund von Takashi e Midori Nagai Werden Sie F\u00f6rdermitglied Tragen Sie zu unserer Geschichte bei Erhalten Sie den NewsLetter Bleiben Sie auf dem Laufenden \u00fcber alle unsere Aktivit\u00e4ten auf der ganzen Welt So werden Sie ein Freund von Takashi e Midori Nagai abonnieren Sie eine Jahresmitgliedschaft. Werden Sie Teil unserer Geschichte und begleiten Sie uns auf dieser &#8230; <\/p>\n<div><a href=\"https:\/\/amicinagai.com\/de\/werden-sie-ein-freund\/\" class=\"more-link\">Read More<\/a><\/div>\n","protected":false},"author":1,"featured_media":0,"parent":0,"menu_order":0,"comment_status":"closed","ping_status":"closed","template":"template-blank-4.php","meta":{"_acf_changed":false,"footnotes":""},"class_list":["post-1583","page","type-page","status-publish","hentry","no-post-thumbnail"],"acf":[],"_links":{"self":[{"href":"https:\/\/amicinagai.com\/de\/wp-json\/wp\/v2\/pages\/1583","targetHints":{"allow":["GET"]}}],"collection":[{"href":"https:\/\/amicinagai.com\/de\/wp-json\/wp\/v2\/pages"}],"about":[{"href":"https:\/\/amicinagai.com\/de\/wp-json\/wp\/v2\/types\/page"}],"author":[{"embeddable":true,"href":"https:\/\/amicinagai.com\/de\/wp-json\/wp\/v2\/users\/1"}],"replies":[{"embeddable":true,"href":"https:\/\/amicinagai.com\/de\/wp-json\/wp\/v2\/comments?post=1583"}],"version-history":[{"count":2,"href":"https:\/\/amicinagai.com\/de\/wp-json\/wp\/v2\/pages\/1583\/revisions"}],"predecessor-version":[{"id":1730,"href":"https:\/\/amicinagai.com\/de\/wp-json\/wp\/v2\/pages\/1583\/revisions\/1730"}],"wp:attachment":[{"href":"https:\/\/amicinagai.com\/de\/wp-json\/wp\/v2\/media?parent=1583"}],"curies":[{"name":"wp","href":"https:\/\/api.w.org\/{rel}","templated":true}]}}